{"id":796,"date":"2015-01-08T09:11:41","date_gmt":"2015-01-08T08:11:41","guid":{"rendered":"http:\/\/www.steffluethi.ch\/wp2\/?page_id=796"},"modified":"2015-01-26T10:37:51","modified_gmt":"2015-01-26T09:37:51","slug":"uber-steff","status":"publish","type":"page","link":"https:\/\/www.steffluethi.ch\/de\/uber-steff\/","title":{"rendered":"\u00dcber Steff"},"content":{"rendered":"<nav class=\"top\"><a title=\"Kontakte\" href=\"kontakt\/\">Kon&shy;tak&shy;te<\/a><a title=\"Lebenslauf\" href=\"lebenslauf\/\">Lebens&shy;lauf<\/a><a title=\"Ausstellungen\" href=\"ausstellungen\/\">Aus&shy;stel&shy;lungen<\/a><a title=\"Publikationen\" href=\"publikationen\/\">Publi&shy;ka&shy;tionen<\/a><\/nav>\n<p><em>Der auff\u00e4lligste Kontrast zwischen Gross und Klein ist charakteristisch f\u00fcr Viele der neueren Arbeiten von Steff L\u00fcthi. Im Formalen spiegelt sich Existenzielles: Gemessen an der riesigen Welt erscheint der einzelne Mensch winzig. Doch die Relation ist dialektisch verschr\u00e4nkt, was nat\u00fcrlich Eine Brunnenplastik mit ihrem In- und Gegeneinander von Ruhe und Bewegung besonders sinnf\u00e4llig macht. Letztlich sind es die unterschiedlichen Figuren, die sich fur die Betrachtenden in den Vordergrund dr\u00e4ngen, w\u00e4hrend der K\u00f6rper, auf oder in dem sie sich Bewegen \u2013 eine Urform wie eine kreisf\u00f6rmige oder ovale Schale &#8211; , optisch In den Hintergrund r\u00fcckt.<\/em><\/p>\n<p><em>Dem entspricht die Ambivalenz des Menschenbildes, um das es hier geht. Ihm liegt ein betont kritischer Ansatz zugrunde, das Entsetzen \u00fcber all Das, was der Einzelne als Aggressor und Zerst\u00f6rer seinen Mitmenschen Und der ihn umgebenden Natur antut. Doch ein um so st\u00e4rkeres Gegengewicht ist die Betroffenheit ob den Bildern in den Massenmedien, die als Zeugnisse des Weltgeschehens den Menschen als Opfer zeigen. Betroffenheit ob der grossen Politik wie pers\u00f6nliches Erleben verbinden sich schliesslich zu jenen Geschichten, die diese Figuren uns und einander gegenseitig zu erz\u00e4hlen scheinen. Es sind ausgepr\u00e4gte Individuen, die in gr\u00f6sserer Anh\u00e4ufung doch zu einer Masse werden.<\/em><\/p>\n<p><em>Das macht die Auseinandersetzung mit ihnen auch in einem gewissen Sinne Interaktiv: Wie im t\u00e4glichen Leben sehen wir uns ihnen gegen\u00fcber Aufgefordert, durch genaues Hinsehen dem Einzelnen auch innerhalb der Menge gerecht zu werden. Aber bei aller ungeheuren Verschiedenheit sind Wir Menschen doch stets aus dem gleichen Stoff geschaffen. \u00dcbertragen auf das Handwerkliche gilt das hier im w\u00f6rtlichen Sinne. Gerade die Bronze, aus der sie alle gegossen sind, verst\u00e4rkt als energetisches Material \u2013 und Energie war im Schaffen Steff L\u00fcthis immer ein wichtiges Ph\u00e4nomen \u2013 die Pr\u00e4senz dieser Menschlein, welche in ihrer Kleinheit doch Gr\u00f6sse besitzen, in ihrer Nichtigkeit doch den Zug zur Allmacht tragen.<\/em><\/p>\n<p><em>Martin Kraft<\/em><\/p>\n<nav class=\"bottom\"><a title=\"Kontakte\" href=\"kontakt\/\">Kon&shy;tak&shy;te<\/a><a title=\"Lebenslauf\" href=\"lebenslauf\/\">Lebens&shy;lauf<\/a><a title=\"Ausstellungen\" href=\"ausstellungen\/\">Aus&shy;stel&shy;lungen<\/a><a title=\"Publikationen\" href=\"publikationen\/\">Publi&shy;ka&shy;tionen<\/a><\/nav>","protected":false},"excerpt":{"rendered":"<p>Kon&shy;tak&shy;teLebens&shy;laufAus&shy;stel&shy;lungenPubli&shy;ka&shy;tionen Der auff\u00e4lligste Kontrast zwischen Gross und Klein ist charakteristisch f\u00fcr Viele der neueren Arbeiten von Steff L\u00fcthi. Im Formalen spiegelt sich Existenzielles: Gemessen an der riesigen Welt erscheint der einzelne Mensch winzig. Doch die Relation ist dialektisch verschr\u00e4nkt, was nat\u00fcrlich Eine Brunnenplastik mit ihrem In- und Gegeneinander von Ruhe und Bewegung besonders sinnf\u00e4llig macht. &hellip; <a href=\"https:\/\/www.steffluethi.ch\/de\/uber-steff\/\" class=\"more-link\"><span class=\"screen-reader-text\">\u00dcber Steff<\/span> weiterlesen<\/a><\/p>\n","protected":false},"author":1,"featured_media":0,"parent":0,"menu_order":0,"comment_status":"closed","ping_status":"closed","template":"","meta":{"footnotes":""},"class_list":["post-796","page","type-page","status-publish","hentry"],"_links":{"self":[{"href":"https:\/\/www.steffluethi.ch\/de\/wp-json\/wp\/v2\/pages\/796","targetHints":{"allow":["GET"]}}],"collection":[{"href":"https:\/\/www.steffluethi.ch\/de\/wp-json\/wp\/v2\/pages"}],"about":[{"href":"https:\/\/www.steffluethi.ch\/de\/wp-json\/wp\/v2\/types\/page"}],"author":[{"embeddable":true,"href":"https:\/\/www.steffluethi.ch\/de\/wp-json\/wp\/v2\/users\/1"}],"replies":[{"embeddable":true,"href":"https:\/\/www.steffluethi.ch\/de\/wp-json\/wp\/v2\/comments?post=796"}],"version-history":[{"count":24,"href":"https:\/\/www.steffluethi.ch\/de\/wp-json\/wp\/v2\/pages\/796\/revisions"}],"predecessor-version":[{"id":1037,"href":"https:\/\/www.steffluethi.ch\/de\/wp-json\/wp\/v2\/pages\/796\/revisions\/1037"}],"wp:attachment":[{"href":"https:\/\/www.steffluethi.ch\/de\/wp-json\/wp\/v2\/media?parent=796"}],"curies":[{"name":"wp","href":"https:\/\/api.w.org\/{rel}","templated":true}]}}